{"id":2004,"date":"2025-01-09T16:13:27","date_gmt":"2025-01-09T16:13:27","guid":{"rendered":"https:\/\/agroblend.com\/?page_id=2004"},"modified":"2025-01-18T03:07:49","modified_gmt":"2025-01-18T03:07:49","slug":"certifications","status":"publish","type":"page","link":"https:\/\/agroblend.com\/sq\/about-us\/certifications\/","title":{"rendered":"\u00c7ertifikimet"},"content":{"rendered":"<div data-elementor-type=\"wp-page\" data-elementor-id=\"2004\" class=\"elementor elementor-2004\">\n\t\t\t\t<div class=\"elementor-element elementor-element-9b78eff e-flex e-con-boxed wpr-equal-height-no e-con e-parent\" data-id=\"9b78eff\" data-element_type=\"container\" data-e-type=\"container\" data-settings=\"{&quot;background_background&quot;:&quot;gradient&quot;}\">\n\t\t\t\t\t<div class=\"e-con-inner\">\n\t\t\t\t<div class=\"elementor-element elementor-element-33380e0 elementor-widget elementor-widget-heading\" data-id=\"33380e0\" data-element_type=\"widget\" data-e-type=\"widget\" data-widget_type=\"heading.default\">\n\t\t\t\t<div class=\"elementor-widget-container\">\n\t\t\t\t\t<h2 class=\"elementor-heading-title elementor-size-default\">Agroblend<\/h2>\t\t\t\t<\/div>\n\t\t\t\t<\/div>\n\t\t\t\t<div class=\"elementor-element elementor-element-e173149 elementor-widget elementor-widget-heading\" data-id=\"e173149\" data-element_type=\"widget\" data-e-type=\"widget\" data-widget_type=\"heading.default\">\n\t\t\t\t<div class=\"elementor-widget-container\">\n\t\t\t\t\t<h2 class=\"elementor-heading-title elementor-size-default\">\u00c7ertifikimet<\/h2>\t\t\t\t<\/div>\n\t\t\t\t<\/div>\n\t\t\t\t<div class=\"elementor-element elementor-element-8bbfd0b elementor-widget elementor-widget-hfe-breadcrumbs-widget\" data-id=\"8bbfd0b\" data-element_type=\"widget\" data-e-type=\"widget\" data-widget_type=\"hfe-breadcrumbs-widget.default\">\n\t\t\t\t<div class=\"elementor-widget-container\">\n\t\t\t\t\t<nav aria-label=\"Breadcrumb\"><ul class=\"hfe-breadcrumbs hfe-breadcrumbs-show-home\"><li class=\"hfe-breadcrumbs-item hfe-breadcrumbs-first\"><span class=\"hfe-breadcrumbs-home-icon\"><\/span><a href=\"https:\/\/agroblend.com\/sq\"><span class=\"hfe-breadcrumbs-text\">Kreu<\/span><\/a><\/li><\/ul><\/nav>\t\t\t\t<\/div>\n\t\t\t\t<\/div>\n\t\t\t\t\t<\/div>\n\t\t\t\t<\/div>\n\t\t<div class=\"elementor-element elementor-element-8b57e92 e-flex e-con-boxed wpr-equal-height-no e-con e-parent\" data-id=\"8b57e92\" data-element_type=\"container\" data-e-type=\"container\">\n\t\t\t\t\t<div class=\"e-con-inner\">\n\t\t<div class=\"elementor-element elementor-element-e699d90 e-con-full e-flex wpr-equal-height-no elementor-invisible e-con e-child\" data-id=\"e699d90\" data-element_type=\"container\" data-e-type=\"container\" data-settings=\"{&quot;animation&quot;:&quot;fadeIn&quot;,&quot;animation_tablet&quot;:&quot;fadeIn&quot;}\">\n\t\t\t\t<div class=\"elementor-element elementor-element-e0d35c5 elementor-widget elementor-widget-heading\" data-id=\"e0d35c5\" data-element_type=\"widget\" data-e-type=\"widget\" data-widget_type=\"heading.default\">\n\t\t\t\t<div class=\"elementor-widget-container\">\n\t\t\t\t\t<h2 class=\"elementor-heading-title elementor-size-default\">Standartet Tona<\/h2>\t\t\t\t<\/div>\n\t\t\t\t<\/div>\n\t\t\t\t<div class=\"elementor-element elementor-element-6d9fbcd elementor-widget elementor-widget-heading\" data-id=\"6d9fbcd\" data-element_type=\"widget\" data-e-type=\"widget\" data-widget_type=\"heading.default\">\n\t\t\t\t<div class=\"elementor-widget-container\">\n\t\t\t\t\t<h2 class=\"elementor-heading-title elementor-size-default\">\u00c7ertifikuar sipas standarteve Europiane t\u00eb sh\u00ebndetsis\u00eb<\/h2>\t\t\t\t<\/div>\n\t\t\t\t<\/div>\n\t\t\t\t<div class=\"elementor-element elementor-element-295a8d4 elementor-widget elementor-widget-text-editor\" data-id=\"295a8d4\" data-element_type=\"widget\" data-e-type=\"widget\" data-widget_type=\"text-editor.default\">\n\t\t\t\t<div class=\"elementor-widget-container\">\n\t\t\t\t\t\t\t\t\tT\u00eb p\u00ebrkushtuar ndaj ekselenc\u00ebs bujq\u00ebsore, sh\u00ebrbimet dhe produktet tona p\u00ebrputhen me standardet e rrepta t\u00eb sh\u00ebndetit t\u00eb BE-s\u00eb, duke garantuar zgjidhje t\u00eb sigurta, t\u00eb q\u00ebndrueshme dhe me cil\u00ebsi t\u00eb lart\u00eb p\u00ebr fermer\u00ebt dhe praktikat bujq\u00ebsore.\t\t\t\t\t\t\t\t<\/div>\n\t\t\t\t<\/div>\n\t\t\t\t<\/div>\n\t\t<div class=\"elementor-element elementor-element-20c56fe e-grid e-con-full wpr-equal-height-no elementor-invisible e-con e-child\" data-id=\"20c56fe\" data-element_type=\"container\" data-e-type=\"container\" data-settings=\"{&quot;animation&quot;:&quot;fadeIn&quot;}\">\n\t\t\t\t<div class=\"elementor-element elementor-element-4a94fe3 elementor-widget elementor-widget-image\" data-id=\"4a94fe3\" data-element_type=\"widget\" data-e-type=\"widget\" data-widget_type=\"image.default\">\n\t\t\t\t<div class=\"elementor-widget-container\">\n\t\t\t\t\t\t\t\t\t\t\t\t\t\t\t\t<a href=\"https:\/\/agroblend.com\/wp-content\/uploads\/2025\/01\/22000-2018-Certificate-scaled.jpg\" data-elementor-open-lightbox=\"yes\" data-elementor-lightbox-title=\"22000-2018-Certificate\" data-e-action-hash=\"#elementor-action%3Aaction%3Dlightbox%26settings%3DeyJpZCI6MjAyNSwidXJsIjoiaHR0cHM6XC9cL2Fncm9ibGVuZC5jb21cL3dwLWNvbnRlbnRcL3VwbG9hZHNcLzIwMjVcLzAxXC8yMjAwMC0yMDE4LUNlcnRpZmljYXRlLXNjYWxlZC5qcGcifQ%3D%3D\">\n\t\t\t\t\t\t\t<img fetchpriority=\"high\" decoding=\"async\" width=\"1810\" height=\"2560\" src=\"https:\/\/agroblend.com\/wp-content\/uploads\/2025\/01\/22000-2018-Certificate-scaled.jpg\" class=\"attachment-full size-full wp-image-2025\" alt=\"\" srcset=\"https:\/\/agroblend.com\/wp-content\/uploads\/2025\/01\/22000-2018-Certificate-scaled.jpg 1810w, https:\/\/agroblend.com\/wp-content\/uploads\/2025\/01\/22000-2018-Certificate-212x300.jpg 212w, https:\/\/agroblend.com\/wp-content\/uploads\/2025\/01\/22000-2018-Certificate-724x1024.jpg 724w, https:\/\/agroblend.com\/wp-content\/uploads\/2025\/01\/22000-2018-Certificate-768x1086.jpg 768w, https:\/\/agroblend.com\/wp-content\/uploads\/2025\/01\/22000-2018-Certificate-1086x1536.jpg 1086w, https:\/\/agroblend.com\/wp-content\/uploads\/2025\/01\/22000-2018-Certificate-1448x2048.jpg 1448w, https:\/\/agroblend.com\/wp-content\/uploads\/2025\/01\/22000-2018-Certificate-8x12.jpg 8w\" sizes=\"(max-width: 1810px) 100vw, 1810px\" \/>\t\t\t\t\t\t\t\t<\/a>\n\t\t\t\t\t\t\t\t\t\t\t\t\t\t\t<\/div>\n\t\t\t\t<\/div>\n\t\t\t\t<div class=\"elementor-element elementor-element-8aa0368 elementor-widget elementor-widget-image\" data-id=\"8aa0368\" data-element_type=\"widget\" data-e-type=\"widget\" data-widget_type=\"image.default\">\n\t\t\t\t<div class=\"elementor-widget-container\">\n\t\t\t\t\t\t\t\t\t\t\t\t\t\t\t\t<a href=\"https:\/\/agroblend.com\/wp-content\/uploads\/2025\/01\/SA-8000-Certificate-scaled.jpg\" data-elementor-open-lightbox=\"yes\" data-elementor-lightbox-title=\"SA 8000 Certificate\" data-e-action-hash=\"#elementor-action%3Aaction%3Dlightbox%26settings%3DeyJpZCI6MjAyNCwidXJsIjoiaHR0cHM6XC9cL2Fncm9ibGVuZC5jb21cL3dwLWNvbnRlbnRcL3VwbG9hZHNcLzIwMjVcLzAxXC9TQS04MDAwLUNlcnRpZmljYXRlLXNjYWxlZC5qcGcifQ%3D%3D\">\n\t\t\t\t\t\t\t<img decoding=\"async\" width=\"1810\" height=\"2560\" src=\"https:\/\/agroblend.com\/wp-content\/uploads\/2025\/01\/SA-8000-Certificate-scaled.jpg\" class=\"attachment-full size-full wp-image-2024\" alt=\"\" srcset=\"https:\/\/agroblend.com\/wp-content\/uploads\/2025\/01\/SA-8000-Certificate-scaled.jpg 1810w, https:\/\/agroblend.com\/wp-content\/uploads\/2025\/01\/SA-8000-Certificate-212x300.jpg 212w, https:\/\/agroblend.com\/wp-content\/uploads\/2025\/01\/SA-8000-Certificate-724x1024.jpg 724w, https:\/\/agroblend.com\/wp-content\/uploads\/2025\/01\/SA-8000-Certificate-768x1086.jpg 768w, https:\/\/agroblend.com\/wp-content\/uploads\/2025\/01\/SA-8000-Certificate-1086x1536.jpg 1086w, https:\/\/agroblend.com\/wp-content\/uploads\/2025\/01\/SA-8000-Certificate-1448x2048.jpg 1448w, https:\/\/agroblend.com\/wp-content\/uploads\/2025\/01\/SA-8000-Certificate-8x12.jpg 8w\" sizes=\"(max-width: 1810px) 100vw, 1810px\" \/>\t\t\t\t\t\t\t\t<\/a>\n\t\t\t\t\t\t\t\t\t\t\t\t\t\t\t<\/div>\n\t\t\t\t<\/div>\n\t\t\t\t<div class=\"elementor-element elementor-element-286c197 elementor-widget elementor-widget-image\" data-id=\"286c197\" data-element_type=\"widget\" data-e-type=\"widget\" data-widget_type=\"image.default\">\n\t\t\t\t<div class=\"elementor-widget-container\">\n\t\t\t\t\t\t\t\t\t\t\t\t\t\t\t\t<a href=\"https:\/\/agroblend.com\/wp-content\/uploads\/2025\/01\/ISO-14001-2015-Agroblend-scaled.jpg\" data-elementor-open-lightbox=\"yes\" data-elementor-lightbox-title=\"ISO 14001-2015-Agroblend\" data-e-action-hash=\"#elementor-action%3Aaction%3Dlightbox%26settings%3DeyJpZCI6MjA1NCwidXJsIjoiaHR0cHM6XC9cL2Fncm9ibGVuZC5jb21cL3dwLWNvbnRlbnRcL3VwbG9hZHNcLzIwMjVcLzAxXC9JU08tMTQwMDEtMjAxNS1BZ3JvYmxlbmQtc2NhbGVkLmpwZyJ9\">\n\t\t\t\t\t\t\t<img decoding=\"async\" width=\"1811\" height=\"2560\" src=\"https:\/\/agroblend.com\/wp-content\/uploads\/2025\/01\/ISO-14001-2015-Agroblend-scaled.jpg\" class=\"attachment-full size-full wp-image-2054\" alt=\"\" srcset=\"https:\/\/agroblend.com\/wp-content\/uploads\/2025\/01\/ISO-14001-2015-Agroblend-scaled.jpg 1811w, https:\/\/agroblend.com\/wp-content\/uploads\/2025\/01\/ISO-14001-2015-Agroblend-212x300.jpg 212w, https:\/\/agroblend.com\/wp-content\/uploads\/2025\/01\/ISO-14001-2015-Agroblend-724x1024.jpg 724w, https:\/\/agroblend.com\/wp-content\/uploads\/2025\/01\/ISO-14001-2015-Agroblend-768x1086.jpg 768w, https:\/\/agroblend.com\/wp-content\/uploads\/2025\/01\/ISO-14001-2015-Agroblend-1086x1536.jpg 1086w, https:\/\/agroblend.com\/wp-content\/uploads\/2025\/01\/ISO-14001-2015-Agroblend-1448x2048.jpg 1448w, https:\/\/agroblend.com\/wp-content\/uploads\/2025\/01\/ISO-14001-2015-Agroblend-8x12.jpg 8w\" sizes=\"(max-width: 1811px) 100vw, 1811px\" \/>\t\t\t\t\t\t\t\t<\/a>\n\t\t\t\t\t\t\t\t\t\t\t\t\t\t\t<\/div>\n\t\t\t\t<\/div>\n\t\t\t\t<div class=\"elementor-element elementor-element-c98d389 elementor-widget elementor-widget-image\" data-id=\"c98d389\" data-element_type=\"widget\" data-e-type=\"widget\" data-widget_type=\"image.default\">\n\t\t\t\t<div class=\"elementor-widget-container\">\n\t\t\t\t\t\t\t\t\t\t\t\t\t\t\t\t<a href=\"https:\/\/agroblend.com\/wp-content\/uploads\/2025\/01\/ISO-9001-2015-Certificate-scaled.jpg\" data-elementor-open-lightbox=\"yes\" data-elementor-lightbox-title=\"ISO 9001-2015-Certificate\" data-e-action-hash=\"#elementor-action%3Aaction%3Dlightbox%26settings%3DeyJpZCI6MjAyMiwidXJsIjoiaHR0cHM6XC9cL2Fncm9ibGVuZC5jb21cL3dwLWNvbnRlbnRcL3VwbG9hZHNcLzIwMjVcLzAxXC9JU08tOTAwMS0yMDE1LUNlcnRpZmljYXRlLXNjYWxlZC5qcGcifQ%3D%3D\">\n\t\t\t\t\t\t\t<img loading=\"lazy\" decoding=\"async\" width=\"1810\" height=\"2560\" src=\"https:\/\/agroblend.com\/wp-content\/uploads\/2025\/01\/ISO-9001-2015-Certificate-scaled.jpg\" class=\"attachment-full size-full wp-image-2022\" alt=\"\" srcset=\"https:\/\/agroblend.com\/wp-content\/uploads\/2025\/01\/ISO-9001-2015-Certificate-scaled.jpg 1810w, https:\/\/agroblend.com\/wp-content\/uploads\/2025\/01\/ISO-9001-2015-Certificate-212x300.jpg 212w, https:\/\/agroblend.com\/wp-content\/uploads\/2025\/01\/ISO-9001-2015-Certificate-724x1024.jpg 724w, https:\/\/agroblend.com\/wp-content\/uploads\/2025\/01\/ISO-9001-2015-Certificate-768x1086.jpg 768w, https:\/\/agroblend.com\/wp-content\/uploads\/2025\/01\/ISO-9001-2015-Certificate-1086x1536.jpg 1086w, https:\/\/agroblend.com\/wp-content\/uploads\/2025\/01\/ISO-9001-2015-Certificate-1448x2048.jpg 1448w, https:\/\/agroblend.com\/wp-content\/uploads\/2025\/01\/ISO-9001-2015-Certificate-8x12.jpg 8w\" sizes=\"(max-width: 1810px) 100vw, 1810px\" \/>\t\t\t\t\t\t\t\t<\/a>\n\t\t\t\t\t\t\t\t\t\t\t\t\t\t\t<\/div>\n\t\t\t\t<\/div>\n\t\t\t\t<div class=\"elementor-element elementor-element-8872e8c elementor-widget elementor-widget-image\" data-id=\"8872e8c\" data-element_type=\"widget\" data-e-type=\"widget\" data-widget_type=\"image.default\">\n\t\t\t\t<div class=\"elementor-widget-container\">\n\t\t\t\t\t\t\t\t\t\t\t\t\t\t\t\t<a href=\"https:\/\/agroblend.com\/wp-content\/uploads\/2025\/01\/IFS-Food-Certificate-scaled.jpg\" data-elementor-open-lightbox=\"yes\" data-elementor-lightbox-title=\"IFS-Food-Certificate\" data-e-action-hash=\"#elementor-action%3Aaction%3Dlightbox%26settings%3DeyJpZCI6MjAyMSwidXJsIjoiaHR0cHM6XC9cL2Fncm9ibGVuZC5jb21cL3dwLWNvbnRlbnRcL3VwbG9hZHNcLzIwMjVcLzAxXC9JRlMtRm9vZC1DZXJ0aWZpY2F0ZS1zY2FsZWQuanBnIn0%3D\">\n\t\t\t\t\t\t\t<img loading=\"lazy\" decoding=\"async\" width=\"1807\" height=\"2560\" src=\"https:\/\/agroblend.com\/wp-content\/uploads\/2025\/01\/IFS-Food-Certificate-scaled.jpg\" class=\"attachment-full size-full wp-image-2021\" alt=\"\" srcset=\"https:\/\/agroblend.com\/wp-content\/uploads\/2025\/01\/IFS-Food-Certificate-scaled.jpg 1807w, https:\/\/agroblend.com\/wp-content\/uploads\/2025\/01\/IFS-Food-Certificate-212x300.jpg 212w, https:\/\/agroblend.com\/wp-content\/uploads\/2025\/01\/IFS-Food-Certificate-723x1024.jpg 723w, https:\/\/agroblend.com\/wp-content\/uploads\/2025\/01\/IFS-Food-Certificate-768x1088.jpg 768w, https:\/\/agroblend.com\/wp-content\/uploads\/2025\/01\/IFS-Food-Certificate-1084x1536.jpg 1084w, https:\/\/agroblend.com\/wp-content\/uploads\/2025\/01\/IFS-Food-Certificate-1446x2048.jpg 1446w, https:\/\/agroblend.com\/wp-content\/uploads\/2025\/01\/IFS-Food-Certificate-8x12.jpg 8w\" sizes=\"(max-width: 1807px) 100vw, 1807px\" \/>\t\t\t\t\t\t\t\t<\/a>\n\t\t\t\t\t\t\t\t\t\t\t\t\t\t\t<\/div>\n\t\t\t\t<\/div>\n\t\t\t\t<div class=\"elementor-element elementor-element-459e34b elementor-widget elementor-widget-image\" data-id=\"459e34b\" data-element_type=\"widget\" data-e-type=\"widget\" data-widget_type=\"image.default\">\n\t\t\t\t<div class=\"elementor-widget-container\">\n\t\t\t\t\t\t\t\t\t\t\t\t\t\t\t\t<a href=\"https:\/\/agroblend.com\/wp-content\/uploads\/2025\/01\/HALAL-CERTIFICATE-2024-AGRO-BLEND-scaled.jpg\" data-elementor-open-lightbox=\"yes\" data-elementor-lightbox-title=\"HALAL-CERTIFICATE-2024-AGRO-BLEND\" data-e-action-hash=\"#elementor-action%3Aaction%3Dlightbox%26settings%3DeyJpZCI6MjA1NywidXJsIjoiaHR0cHM6XC9cL2Fncm9ibGVuZC5jb21cL3dwLWNvbnRlbnRcL3VwbG9hZHNcLzIwMjVcLzAxXC9IQUxBTC1DRVJUSUZJQ0FURS0yMDI0LUFHUk8tQkxFTkQtc2NhbGVkLmpwZyJ9\">\n\t\t\t\t\t\t\t<img loading=\"lazy\" decoding=\"async\" width=\"1811\" height=\"2560\" src=\"https:\/\/agroblend.com\/wp-content\/uploads\/2025\/01\/HALAL-CERTIFICATE-2024-AGRO-BLEND-scaled.jpg\" class=\"attachment-full size-full wp-image-2057\" alt=\"\" srcset=\"https:\/\/agroblend.com\/wp-content\/uploads\/2025\/01\/HALAL-CERTIFICATE-2024-AGRO-BLEND-scaled.jpg 1811w, https:\/\/agroblend.com\/wp-content\/uploads\/2025\/01\/HALAL-CERTIFICATE-2024-AGRO-BLEND-212x300.jpg 212w, https:\/\/agroblend.com\/wp-content\/uploads\/2025\/01\/HALAL-CERTIFICATE-2024-AGRO-BLEND-724x1024.jpg 724w, https:\/\/agroblend.com\/wp-content\/uploads\/2025\/01\/HALAL-CERTIFICATE-2024-AGRO-BLEND-768x1086.jpg 768w, https:\/\/agroblend.com\/wp-content\/uploads\/2025\/01\/HALAL-CERTIFICATE-2024-AGRO-BLEND-1086x1536.jpg 1086w, https:\/\/agroblend.com\/wp-content\/uploads\/2025\/01\/HALAL-CERTIFICATE-2024-AGRO-BLEND-1448x2048.jpg 1448w, https:\/\/agroblend.com\/wp-content\/uploads\/2025\/01\/HALAL-CERTIFICATE-2024-AGRO-BLEND-8x12.jpg 8w\" sizes=\"(max-width: 1811px) 100vw, 1811px\" \/>\t\t\t\t\t\t\t\t<\/a>\n\t\t\t\t\t\t\t\t\t\t\t\t\t\t\t<\/div>\n\t\t\t\t<\/div>\n\t\t\t\t<div class=\"elementor-element elementor-element-e637ef3 elementor-widget elementor-widget-image\" data-id=\"e637ef3\" data-element_type=\"widget\" data-e-type=\"widget\" data-widget_type=\"image.default\">\n\t\t\t\t<div class=\"elementor-widget-container\">\n\t\t\t\t\t\t\t\t\t\t\t\t\t\t\t\t<a href=\"https:\/\/agroblend.com\/wp-content\/uploads\/2025\/01\/HACCP-Certificate-scaled.jpg\" data-elementor-open-lightbox=\"yes\" data-elementor-lightbox-title=\"HACCP-Certificate\" data-e-action-hash=\"#elementor-action%3Aaction%3Dlightbox%26settings%3DeyJpZCI6MjAxOSwidXJsIjoiaHR0cHM6XC9cL2Fncm9ibGVuZC5jb21cL3dwLWNvbnRlbnRcL3VwbG9hZHNcLzIwMjVcLzAxXC9IQUNDUC1DZXJ0aWZpY2F0ZS1zY2FsZWQuanBnIn0%3D\">\n\t\t\t\t\t\t\t<img loading=\"lazy\" decoding=\"async\" width=\"1810\" height=\"2560\" src=\"https:\/\/agroblend.com\/wp-content\/uploads\/2025\/01\/HACCP-Certificate-scaled.jpg\" class=\"attachment-full size-full wp-image-2019\" alt=\"\" srcset=\"https:\/\/agroblend.com\/wp-content\/uploads\/2025\/01\/HACCP-Certificate-scaled.jpg 1810w, https:\/\/agroblend.com\/wp-content\/uploads\/2025\/01\/HACCP-Certificate-212x300.jpg 212w, https:\/\/agroblend.com\/wp-content\/uploads\/2025\/01\/HACCP-Certificate-724x1024.jpg 724w, https:\/\/agroblend.com\/wp-content\/uploads\/2025\/01\/HACCP-Certificate-768x1086.jpg 768w, https:\/\/agroblend.com\/wp-content\/uploads\/2025\/01\/HACCP-Certificate-1086x1536.jpg 1086w, https:\/\/agroblend.com\/wp-content\/uploads\/2025\/01\/HACCP-Certificate-1448x2048.jpg 1448w, https:\/\/agroblend.com\/wp-content\/uploads\/2025\/01\/HACCP-Certificate-8x12.jpg 8w\" sizes=\"(max-width: 1810px) 100vw, 1810px\" \/>\t\t\t\t\t\t\t\t<\/a>\n\t\t\t\t\t\t\t\t\t\t\t\t\t\t\t<\/div>\n\t\t\t\t<\/div>\n\t\t\t\t<div class=\"elementor-element elementor-element-90b9bb7 elementor-widget elementor-widget-image\" data-id=\"90b9bb7\" data-element_type=\"widget\" data-e-type=\"widget\" data-widget_type=\"image.default\">\n\t\t\t\t<div class=\"elementor-widget-container\">\n\t\t\t\t\t\t\t\t\t\t\t\t\t\t\t\t<a href=\"https:\/\/agroblend.com\/wp-content\/uploads\/2025\/01\/BRC-Certificate-scaled.jpg\" data-elementor-open-lightbox=\"yes\" data-elementor-lightbox-title=\"BRC-Certificate\" data-e-action-hash=\"#elementor-action%3Aaction%3Dlightbox%26settings%3DeyJpZCI6MjAxOCwidXJsIjoiaHR0cHM6XC9cL2Fncm9ibGVuZC5jb21cL3dwLWNvbnRlbnRcL3VwbG9hZHNcLzIwMjVcLzAxXC9CUkMtQ2VydGlmaWNhdGUtc2NhbGVkLmpwZyJ9\">\n\t\t\t\t\t\t\t<img loading=\"lazy\" decoding=\"async\" width=\"1803\" height=\"2560\" src=\"https:\/\/agroblend.com\/wp-content\/uploads\/2025\/01\/BRC-Certificate-scaled.jpg\" class=\"attachment-full size-full wp-image-2018\" alt=\"\" srcset=\"https:\/\/agroblend.com\/wp-content\/uploads\/2025\/01\/BRC-Certificate-scaled.jpg 1803w, https:\/\/agroblend.com\/wp-content\/uploads\/2025\/01\/BRC-Certificate-211x300.jpg 211w, https:\/\/agroblend.com\/wp-content\/uploads\/2025\/01\/BRC-Certificate-721x1024.jpg 721w, https:\/\/agroblend.com\/wp-content\/uploads\/2025\/01\/BRC-Certificate-768x1090.jpg 768w, https:\/\/agroblend.com\/wp-content\/uploads\/2025\/01\/BRC-Certificate-1082x1536.jpg 1082w, https:\/\/agroblend.com\/wp-content\/uploads\/2025\/01\/BRC-Certificate-1442x2048.jpg 1442w, https:\/\/agroblend.com\/wp-content\/uploads\/2025\/01\/BRC-Certificate-8x12.jpg 8w\" sizes=\"(max-width: 1803px) 100vw, 1803px\" \/>\t\t\t\t\t\t\t\t<\/a>\n\t\t\t\t\t\t\t\t\t\t\t\t\t\t\t<\/div>\n\t\t\t\t<\/div>\n\t\t\t\t<\/div>\n\t\t\t\t\t<\/div>\n\t\t\t\t<\/div>\n\t\t\t\t<\/div>","protected":false},"excerpt":{"rendered":"<p>Agroblend Certifications Home Our Standards Certified according to EU Health Standards Dedicated to agricultural excellence, our services and products comply with strict EU Health Standards, ensuring safe, sustainable, and high-quality solutions for farmers and agricultural practices.<\/p>","protected":false},"author":1,"featured_media":0,"parent":18,"menu_order":0,"comment_status":"closed","ping_status":"closed","template":"elementor_canvas","meta":{"footnotes":""},"class_list":["post-2004","page","type-page","status-publish","hentry"],"_links":{"self":[{"href":"https:\/\/agroblend.com\/sq\/wp-json\/wp\/v2\/pages\/2004","targetHints":{"allow":["GET"]}}],"collection":[{"href":"https:\/\/agroblend.com\/sq\/wp-json\/wp\/v2\/pages"}],"about":[{"href":"https:\/\/agroblend.com\/sq\/wp-json\/wp\/v2\/types\/page"}],"author":[{"embeddable":true,"href":"https:\/\/agroblend.com\/sq\/wp-json\/wp\/v2\/users\/1"}],"replies":[{"embeddable":true,"href":"https:\/\/agroblend.com\/sq\/wp-json\/wp\/v2\/comments?post=2004"}],"version-history":[{"count":5,"href":"https:\/\/agroblend.com\/sq\/wp-json\/wp\/v2\/pages\/2004\/revisions"}],"predecessor-version":[{"id":3244,"href":"https:\/\/agroblend.com\/sq\/wp-json\/wp\/v2\/pages\/2004\/revisions\/3244"}],"up":[{"embeddable":true,"href":"https:\/\/agroblend.com\/sq\/wp-json\/wp\/v2\/pages\/18"}],"wp:attachment":[{"href":"https:\/\/agroblend.com\/sq\/wp-json\/wp\/v2\/media?parent=2004"}],"curies":[{"name":"wp","href":"https:\/\/api.w.org\/{rel}","templated":true}]}}